{"id":1141,"date":"2024-07-31T22:13:07","date_gmt":"2024-07-31T20:13:07","guid":{"rendered":"https:\/\/www.pfmiel.fr\/miel\/?post_type=product&#038;p=1141"},"modified":"2025-07-16T10:57:43","modified_gmt":"2025-07-16T08:57:43","slug":"miel-de-tilleul","status":"publish","type":"product","link":"https:\/\/www.pfmiel.fr\/miel\/boutique\/miel-de-tilleul\/","title":{"rendered":"Miel de Tilleul"},"content":{"rendered":"<p>Un miel tr\u00e8s parfum\u00e9 avec un subtil go\u00fbt menthol\u00e9.<\/p>\n<p>Ce miel est liquide au moment de sa mise en pot mais il peut cristalliser avec le temps. La cristallisation est un processus naturel qui n&rsquo;alt\u00e8re en rien les qualit\u00e9s du miel.<\/p>\n<p>Miel Origine France, r\u00e9colt\u00e9 en Indre et Loire.<\/p>\n","protected":false},"excerpt":{"rendered":"<p>Miel liquide, tr\u00e8s parfum\u00e9 avec un l\u00e9ger go\u00fbt menthol\u00e9.<\/p>\n","protected":false},"featured_media":1152,"comment_status":"closed","ping_status":"closed","template":"","meta":[],"product_brand":[],"product_cat":[19],"product_tag":[],"class_list":{"0":"post-1141","1":"product","2":"type-product","3":"status-publish","4":"has-post-thumbnail","6":"product_cat-miels","8":"first","9":"instock","10":"taxable","11":"shipping-taxable","12":"purchasable","13":"product-type-variable"},"yoast_head":"<!-- This site is optimized with the Yoast SEO plugin v27.4 - https:\/\/yoast.com\/product\/yoast-seo-wordpress\/ -->\n<title>Miel de Tilleul - Pierre-Fran\u00e7ois Prot - Apiculteur - V\u00e9retz<\/title>\n<meta name=\"description\" content=\"miel tilleul V\u00e9retz Indre et Loire\" \/>\n<meta name=\"robots\" content=\"index, follow, max-snippet:-1, max-image-preview:large, max-video-preview:-1\" \/>\n<link rel=\"canonical\" href=\"https:\/\/www.pfmiel.fr\/miel\/boutique\/miel-de-tilleul\/\" \/>\n<meta property=\"og:locale\" content=\"fr_FR\" \/>\n<meta property=\"og:type\" content=\"article\" \/>\n<meta property=\"og:title\" content=\"Miel de Tilleul - Pierre-Fran\u00e7ois Prot - Apiculteur - V\u00e9retz\" \/>\n<meta property=\"og:description\" content=\"miel tilleul V\u00e9retz Indre et Loire\" \/>\n<meta property=\"og:url\" content=\"https:\/\/www.pfmiel.fr\/miel\/boutique\/miel-de-tilleul\/\" \/>\n<meta property=\"og:site_name\" content=\"Pierre-Fran\u00e7ois Prot - Apiculteur - V\u00e9retz\" \/>\n<meta property=\"article:modified_time\" content=\"2025-07-16T08:57:43+00:00\" \/>\n<meta property=\"og:image\" content=\"https:\/\/www.pfmiel.fr\/miel\/wp-content\/uploads\/2024\/07\/IMG_20240813_093557-scaled.jpg\" \/>\n\t<meta property=\"og:image:width\" content=\"2560\" \/>\n\t<meta property=\"og:image:height\" content=\"1922\" \/>\n\t<meta property=\"og:image:type\" content=\"image\/jpeg\" \/>\n<meta name=\"twitter:card\" content=\"summary_large_image\" \/>\n<script type=\"application\/ld+json\" class=\"yoast-schema-graph\">{\"@context\":\"https:\\\/\\\/schema.org\",\"@graph\":[{\"@type\":\"WebPage\",\"@id\":\"https:\\\/\\\/www.pfmiel.fr\\\/miel\\\/boutique\\\/miel-de-tilleul\\\/\",\"url\":\"https:\\\/\\\/www.pfmiel.fr\\\/miel\\\/boutique\\\/miel-de-tilleul\\\/\",\"name\":\"Miel de Tilleul - Pierre-Fran\u00e7ois Prot - Apiculteur - V\u00e9retz\",\"isPartOf\":{\"@id\":\"https:\\\/\\\/www.pfmiel.fr\\\/miel\\\/#website\"},\"primaryImageOfPage\":{\"@id\":\"https:\\\/\\\/www.pfmiel.fr\\\/miel\\\/boutique\\\/miel-de-tilleul\\\/#primaryimage\"},\"image\":{\"@id\":\"https:\\\/\\\/www.pfmiel.fr\\\/miel\\\/boutique\\\/miel-de-tilleul\\\/#primaryimage\"},\"thumbnailUrl\":\"https:\\\/\\\/i0.wp.com\\\/www.pfmiel.fr\\\/miel\\\/wp-content\\\/uploads\\\/2024\\\/07\\\/IMG_20240813_093557-scaled.jpg?fit=2560%2C1922&ssl=1\",\"datePublished\":\"2024-07-31T20:13:07+00:00\",\"dateModified\":\"2025-07-16T08:57:43+00:00\",\"description\":\"miel tilleul V\u00e9retz Indre et Loire\",\"breadcrumb\":{\"@id\":\"https:\\\/\\\/www.pfmiel.fr\\\/miel\\\/boutique\\\/miel-de-tilleul\\\/#breadcrumb\"},\"inLanguage\":\"fr-FR\",\"potentialAction\":[{\"@type\":\"ReadAction\",\"target\":[\"https:\\\/\\\/www.pfmiel.fr\\\/miel\\\/boutique\\\/miel-de-tilleul\\\/\"]}]},{\"@type\":\"ImageObject\",\"inLanguage\":\"fr-FR\",\"@id\":\"https:\\\/\\\/www.pfmiel.fr\\\/miel\\\/boutique\\\/miel-de-tilleul\\\/#primaryimage\",\"url\":\"https:\\\/\\\/i0.wp.com\\\/www.pfmiel.fr\\\/miel\\\/wp-content\\\/uploads\\\/2024\\\/07\\\/IMG_20240813_093557-scaled.jpg?fit=2560%2C1922&ssl=1\",\"contentUrl\":\"https:\\\/\\\/i0.wp.com\\\/www.pfmiel.fr\\\/miel\\\/wp-content\\\/uploads\\\/2024\\\/07\\\/IMG_20240813_093557-scaled.jpg?fit=2560%2C1922&ssl=1\",\"width\":2560,\"height\":1922,\"caption\":\"Miel Tilleul\"},{\"@type\":\"BreadcrumbList\",\"@id\":\"https:\\\/\\\/www.pfmiel.fr\\\/miel\\\/boutique\\\/miel-de-tilleul\\\/#breadcrumb\",\"itemListElement\":[{\"@type\":\"ListItem\",\"position\":1,\"name\":\"Home\",\"item\":\"https:\\\/\\\/www.pfmiel.fr\\\/miel\\\/\"},{\"@type\":\"ListItem\",\"position\":2,\"name\":\"Boutique\",\"item\":\"https:\\\/\\\/www.pfmiel.fr\\\/miel\\\/boutique\\\/\"},{\"@type\":\"ListItem\",\"position\":3,\"name\":\"Miel de Tilleul\"}]},{\"@type\":\"WebSite\",\"@id\":\"https:\\\/\\\/www.pfmiel.fr\\\/miel\\\/#website\",\"url\":\"https:\\\/\\\/www.pfmiel.fr\\\/miel\\\/\",\"name\":\"Pierre-Fran\u00e7ois Prot - Apiculteur - V\u00e9retz\",\"description\":\"Apiculteur et R\u00e9coltant en Indre et Loire\",\"publisher\":{\"@id\":\"https:\\\/\\\/www.pfmiel.fr\\\/miel\\\/#\\\/schema\\\/person\\\/e9395774cd584b94ab92efbd6c37acf5\"},\"potentialAction\":[{\"@type\":\"SearchAction\",\"target\":{\"@type\":\"EntryPoint\",\"urlTemplate\":\"https:\\\/\\\/www.pfmiel.fr\\\/miel\\\/?s={search_term_string}\"},\"query-input\":{\"@type\":\"PropertyValueSpecification\",\"valueRequired\":true,\"valueName\":\"search_term_string\"}}],\"inLanguage\":\"fr-FR\"},{\"@type\":[\"Person\",\"Organization\"],\"@id\":\"https:\\\/\\\/www.pfmiel.fr\\\/miel\\\/#\\\/schema\\\/person\\\/e9395774cd584b94ab92efbd6c37acf5\",\"name\":\"Pierre-Fran\u00e7ois\",\"image\":{\"@type\":\"ImageObject\",\"inLanguage\":\"fr-FR\",\"@id\":\"https:\\\/\\\/i0.wp.com\\\/www.pfmiel.fr\\\/miel\\\/wp-content\\\/uploads\\\/2021\\\/10\\\/cropped-Capture-decran-du-2021-10-28-15-45-12.png?fit=220%2C250&ssl=1\",\"url\":\"https:\\\/\\\/i0.wp.com\\\/www.pfmiel.fr\\\/miel\\\/wp-content\\\/uploads\\\/2021\\\/10\\\/cropped-Capture-decran-du-2021-10-28-15-45-12.png?fit=220%2C250&ssl=1\",\"contentUrl\":\"https:\\\/\\\/i0.wp.com\\\/www.pfmiel.fr\\\/miel\\\/wp-content\\\/uploads\\\/2021\\\/10\\\/cropped-Capture-decran-du-2021-10-28-15-45-12.png?fit=220%2C250&ssl=1\",\"width\":220,\"height\":250,\"caption\":\"Pierre-Fran\u00e7ois\"},\"logo\":{\"@id\":\"https:\\\/\\\/i0.wp.com\\\/www.pfmiel.fr\\\/miel\\\/wp-content\\\/uploads\\\/2021\\\/10\\\/cropped-Capture-decran-du-2021-10-28-15-45-12.png?fit=220%2C250&ssl=1\"},\"sameAs\":[\"http:\\\/\\\/www.pfmiel.fr\"]}]}<\/script>\n<!-- \/ Yoast SEO plugin. -->","yoast_head_json":{"title":"Miel de Tilleul - Pierre-Fran\u00e7ois Prot - Apiculteur - V\u00e9retz","description":"miel tilleul V\u00e9retz Indre et Loire","robots":{"index":"index","follow":"follow","max-snippet":"max-snippet:-1","max-image-preview":"max-image-preview:large","max-video-preview":"max-video-preview:-1"},"canonical":"https:\/\/www.pfmiel.fr\/miel\/boutique\/miel-de-tilleul\/","og_locale":"fr_FR","og_type":"article","og_title":"Miel de Tilleul - Pierre-Fran\u00e7ois Prot - Apiculteur - V\u00e9retz","og_description":"miel tilleul V\u00e9retz Indre et Loire","og_url":"https:\/\/www.pfmiel.fr\/miel\/boutique\/miel-de-tilleul\/","og_site_name":"Pierre-Fran\u00e7ois Prot - Apiculteur - V\u00e9retz","article_modified_time":"2025-07-16T08:57:43+00:00","og_image":[{"width":2560,"height":1922,"url":"https:\/\/www.pfmiel.fr\/miel\/wp-content\/uploads\/2024\/07\/IMG_20240813_093557-scaled.jpg","type":"image\/jpeg"}],"twitter_card":"summary_large_image","schema":{"@context":"https:\/\/schema.org","@graph":[{"@type":"WebPage","@id":"https:\/\/www.pfmiel.fr\/miel\/boutique\/miel-de-tilleul\/","url":"https:\/\/www.pfmiel.fr\/miel\/boutique\/miel-de-tilleul\/","name":"Miel de Tilleul - Pierre-Fran\u00e7ois Prot - Apiculteur - V\u00e9retz","isPartOf":{"@id":"https:\/\/www.pfmiel.fr\/miel\/#website"},"primaryImageOfPage":{"@id":"https:\/\/www.pfmiel.fr\/miel\/boutique\/miel-de-tilleul\/#primaryimage"},"image":{"@id":"https:\/\/www.pfmiel.fr\/miel\/boutique\/miel-de-tilleul\/#primaryimage"},"thumbnailUrl":"https:\/\/i0.wp.com\/www.pfmiel.fr\/miel\/wp-content\/uploads\/2024\/07\/IMG_20240813_093557-scaled.jpg?fit=2560%2C1922&ssl=1","datePublished":"2024-07-31T20:13:07+00:00","dateModified":"2025-07-16T08:57:43+00:00","description":"miel tilleul V\u00e9retz Indre et Loire","breadcrumb":{"@id":"https:\/\/www.pfmiel.fr\/miel\/boutique\/miel-de-tilleul\/#breadcrumb"},"inLanguage":"fr-FR","potentialAction":[{"@type":"ReadAction","target":["https:\/\/www.pfmiel.fr\/miel\/boutique\/miel-de-tilleul\/"]}]},{"@type":"ImageObject","inLanguage":"fr-FR","@id":"https:\/\/www.pfmiel.fr\/miel\/boutique\/miel-de-tilleul\/#primaryimage","url":"https:\/\/i0.wp.com\/www.pfmiel.fr\/miel\/wp-content\/uploads\/2024\/07\/IMG_20240813_093557-scaled.jpg?fit=2560%2C1922&ssl=1","contentUrl":"https:\/\/i0.wp.com\/www.pfmiel.fr\/miel\/wp-content\/uploads\/2024\/07\/IMG_20240813_093557-scaled.jpg?fit=2560%2C1922&ssl=1","width":2560,"height":1922,"caption":"Miel Tilleul"},{"@type":"BreadcrumbList","@id":"https:\/\/www.pfmiel.fr\/miel\/boutique\/miel-de-tilleul\/#breadcrumb","itemListElement":[{"@type":"ListItem","position":1,"name":"Home","item":"https:\/\/www.pfmiel.fr\/miel\/"},{"@type":"ListItem","position":2,"name":"Boutique","item":"https:\/\/www.pfmiel.fr\/miel\/boutique\/"},{"@type":"ListItem","position":3,"name":"Miel de Tilleul"}]},{"@type":"WebSite","@id":"https:\/\/www.pfmiel.fr\/miel\/#website","url":"https:\/\/www.pfmiel.fr\/miel\/","name":"Pierre-Fran\u00e7ois Prot - Apiculteur - V\u00e9retz","description":"Apiculteur et R\u00e9coltant en Indre et Loire","publisher":{"@id":"https:\/\/www.pfmiel.fr\/miel\/#\/schema\/person\/e9395774cd584b94ab92efbd6c37acf5"},"potentialAction":[{"@type":"SearchAction","target":{"@type":"EntryPoint","urlTemplate":"https:\/\/www.pfmiel.fr\/miel\/?s={search_term_string}"},"query-input":{"@type":"PropertyValueSpecification","valueRequired":true,"valueName":"search_term_string"}}],"inLanguage":"fr-FR"},{"@type":["Person","Organization"],"@id":"https:\/\/www.pfmiel.fr\/miel\/#\/schema\/person\/e9395774cd584b94ab92efbd6c37acf5","name":"Pierre-Fran\u00e7ois","image":{"@type":"ImageObject","inLanguage":"fr-FR","@id":"https:\/\/i0.wp.com\/www.pfmiel.fr\/miel\/wp-content\/uploads\/2021\/10\/cropped-Capture-decran-du-2021-10-28-15-45-12.png?fit=220%2C250&ssl=1","url":"https:\/\/i0.wp.com\/www.pfmiel.fr\/miel\/wp-content\/uploads\/2021\/10\/cropped-Capture-decran-du-2021-10-28-15-45-12.png?fit=220%2C250&ssl=1","contentUrl":"https:\/\/i0.wp.com\/www.pfmiel.fr\/miel\/wp-content\/uploads\/2021\/10\/cropped-Capture-decran-du-2021-10-28-15-45-12.png?fit=220%2C250&ssl=1","width":220,"height":250,"caption":"Pierre-Fran\u00e7ois"},"logo":{"@id":"https:\/\/i0.wp.com\/www.pfmiel.fr\/miel\/wp-content\/uploads\/2021\/10\/cropped-Capture-decran-du-2021-10-28-15-45-12.png?fit=220%2C250&ssl=1"},"sameAs":["http:\/\/www.pfmiel.fr"]}]}},"jetpack_sharing_enabled":true,"_links":{"self":[{"href":"https:\/\/www.pfmiel.fr\/miel\/wp-json\/wp\/v2\/product\/1141","targetHints":{"allow":["GET"]}}],"collection":[{"href":"https:\/\/www.pfmiel.fr\/miel\/wp-json\/wp\/v2\/product"}],"about":[{"href":"https:\/\/www.pfmiel.fr\/miel\/wp-json\/wp\/v2\/types\/product"}],"replies":[{"embeddable":true,"href":"https:\/\/www.pfmiel.fr\/miel\/wp-json\/wp\/v2\/comments?post=1141"}],"wp:featuredmedia":[{"embeddable":true,"href":"https:\/\/www.pfmiel.fr\/miel\/wp-json\/wp\/v2\/media\/1152"}],"wp:attachment":[{"href":"https:\/\/www.pfmiel.fr\/miel\/wp-json\/wp\/v2\/media?parent=1141"}],"wp:term":[{"taxonomy":"product_brand","embeddable":true,"href":"https:\/\/www.pfmiel.fr\/miel\/wp-json\/wp\/v2\/product_brand?post=1141"},{"taxonomy":"product_cat","embeddable":true,"href":"https:\/\/www.pfmiel.fr\/miel\/wp-json\/wp\/v2\/product_cat?post=1141"},{"taxonomy":"product_tag","embeddable":true,"href":"https:\/\/www.pfmiel.fr\/miel\/wp-json\/wp\/v2\/product_tag?post=1141"}],"curies":[{"name":"wp","href":"https:\/\/api.w.org\/{rel}","templated":true}]}}