{"id":85,"date":"2021-10-29T17:10:55","date_gmt":"2021-10-29T15:10:55","guid":{"rendered":"http:\/\/www.pefetperrine.fr\/miel\/?post_type=product&#038;p=85"},"modified":"2024-09-04T21:44:38","modified_gmt":"2024-09-04T19:44:38","slug":"miel-fleurs-ete","status":"publish","type":"product","link":"https:\/\/www.pfmiel.fr\/miel\/boutique\/miel-fleurs-ete\/","title":{"rendered":"Miel de fleurs d&rsquo;\u00e9t\u00e9"},"content":{"rendered":"<p>Miel de fleurs d&rsquo;\u00e9t\u00e9.<\/p>\n<p>Disponible en pots de 250g, 500g et 1kg<\/p>\n<p>Ce miel est liquide au moment de sa mise en pot mais il peut cristalliser avec le temps. La cristallisation est un processus naturel qui n&rsquo;alt\u00e8re en rien les qualit\u00e9s du miel.<\/p>\n<p>Miel Origine France, r\u00e9colt\u00e9 en Indre et Loire.<\/p>\n","protected":false},"excerpt":{"rendered":"<p>Miel de fleurs d&rsquo;\u00e9t\u00e9. Disponible en pots de 250g, 500g et 1kg Ce miel est liquide au moment de sa mise en pot mais il peut cristalliser avec le temps. La cristallisation est un processus naturel qui n&rsquo;alt\u00e8re en rien les qualit\u00e9s du miel. Miel Origine France, r\u00e9colt\u00e9 en Indre et Loire.<\/p>\n","protected":false},"featured_media":1157,"comment_status":"closed","ping_status":"closed","template":"","meta":[],"product_brand":[],"product_cat":[19],"product_tag":[],"class_list":{"0":"post-85","1":"product","2":"type-product","3":"status-publish","4":"has-post-thumbnail","6":"product_cat-miels","8":"first","9":"instock","10":"taxable","11":"shipping-taxable","12":"purchasable","13":"product-type-variable"},"yoast_head":"<!-- This site is optimized with the Yoast SEO plugin v27.4 - https:\/\/yoast.com\/product\/yoast-seo-wordpress\/ -->\n<title>Miel de fleurs d&#039;\u00e9t\u00e9 - Pierre-Fran\u00e7ois Prot<\/title>\n<meta name=\"description\" content=\"Miel de fleurs d&#039;\u00e9t\u00e9. R\u00e9colt\u00e9 et mis en pots par Pierre-Fran\u00e7ois Prot, apiculteur \u00e0 V\u00e9retz en Indre et Loire\" \/>\n<meta name=\"robots\" content=\"index, follow, max-snippet:-1, max-image-preview:large, max-video-preview:-1\" \/>\n<link rel=\"canonical\" href=\"https:\/\/www.pfmiel.fr\/miel\/boutique\/miel-fleurs-ete\/\" \/>\n<meta property=\"og:locale\" content=\"fr_FR\" \/>\n<meta property=\"og:type\" content=\"article\" \/>\n<meta property=\"og:title\" content=\"Miel de fleurs d&#039;\u00e9t\u00e9 - Pierre-Fran\u00e7ois Prot\" \/>\n<meta property=\"og:description\" content=\"Miel de fleurs d&#039;\u00e9t\u00e9. R\u00e9colt\u00e9 et mis en pots par Pierre-Fran\u00e7ois Prot, apiculteur \u00e0 V\u00e9retz en Indre et Loire\" \/>\n<meta property=\"og:url\" content=\"https:\/\/www.pfmiel.fr\/miel\/boutique\/miel-fleurs-ete\/\" \/>\n<meta property=\"og:site_name\" content=\"Pierre-Fran\u00e7ois Prot - Apiculteur - V\u00e9retz\" \/>\n<meta property=\"article:modified_time\" content=\"2024-09-04T19:44:38+00:00\" \/>\n<meta property=\"og:image\" content=\"https:\/\/www.pfmiel.fr\/miel\/wp-content\/uploads\/2024\/08\/IMG_20240817_125446-scaled.jpg\" \/>\n\t<meta property=\"og:image:width\" content=\"2560\" \/>\n\t<meta property=\"og:image:height\" content=\"1922\" \/>\n\t<meta property=\"og:image:type\" content=\"image\/jpeg\" \/>\n<meta name=\"twitter:card\" content=\"summary_large_image\" \/>\n<meta name=\"twitter:label1\" content=\"Dur\u00e9e de lecture estim\u00e9e\" \/>\n\t<meta name=\"twitter:data1\" content=\"1 minute\" \/>\n<script type=\"application\/ld+json\" class=\"yoast-schema-graph\">{\"@context\":\"https:\\\/\\\/schema.org\",\"@graph\":[{\"@type\":\"WebPage\",\"@id\":\"https:\\\/\\\/www.pfmiel.fr\\\/miel\\\/boutique\\\/miel-fleurs-ete\\\/\",\"url\":\"https:\\\/\\\/www.pfmiel.fr\\\/miel\\\/boutique\\\/miel-fleurs-ete\\\/\",\"name\":\"Miel de fleurs d'\u00e9t\u00e9 - Pierre-Fran\u00e7ois Prot\",\"isPartOf\":{\"@id\":\"https:\\\/\\\/www.pfmiel.fr\\\/miel\\\/#website\"},\"primaryImageOfPage\":{\"@id\":\"https:\\\/\\\/www.pfmiel.fr\\\/miel\\\/boutique\\\/miel-fleurs-ete\\\/#primaryimage\"},\"image\":{\"@id\":\"https:\\\/\\\/www.pfmiel.fr\\\/miel\\\/boutique\\\/miel-fleurs-ete\\\/#primaryimage\"},\"thumbnailUrl\":\"https:\\\/\\\/i0.wp.com\\\/www.pfmiel.fr\\\/miel\\\/wp-content\\\/uploads\\\/2024\\\/08\\\/IMG_20240817_125446-scaled.jpg?fit=2560%2C1922&ssl=1\",\"datePublished\":\"2021-10-29T15:10:55+00:00\",\"dateModified\":\"2024-09-04T19:44:38+00:00\",\"description\":\"Miel de fleurs d'\u00e9t\u00e9. R\u00e9colt\u00e9 et mis en pots par Pierre-Fran\u00e7ois Prot, apiculteur \u00e0 V\u00e9retz en Indre et Loire\",\"breadcrumb\":{\"@id\":\"https:\\\/\\\/www.pfmiel.fr\\\/miel\\\/boutique\\\/miel-fleurs-ete\\\/#breadcrumb\"},\"inLanguage\":\"fr-FR\",\"potentialAction\":[{\"@type\":\"ReadAction\",\"target\":[\"https:\\\/\\\/www.pfmiel.fr\\\/miel\\\/boutique\\\/miel-fleurs-ete\\\/\"]}]},{\"@type\":\"ImageObject\",\"inLanguage\":\"fr-FR\",\"@id\":\"https:\\\/\\\/www.pfmiel.fr\\\/miel\\\/boutique\\\/miel-fleurs-ete\\\/#primaryimage\",\"url\":\"https:\\\/\\\/i0.wp.com\\\/www.pfmiel.fr\\\/miel\\\/wp-content\\\/uploads\\\/2024\\\/08\\\/IMG_20240817_125446-scaled.jpg?fit=2560%2C1922&ssl=1\",\"contentUrl\":\"https:\\\/\\\/i0.wp.com\\\/www.pfmiel.fr\\\/miel\\\/wp-content\\\/uploads\\\/2024\\\/08\\\/IMG_20240817_125446-scaled.jpg?fit=2560%2C1922&ssl=1\",\"width\":2560,\"height\":1922,\"caption\":\"miel fleurs \u00e9t\u00e9\"},{\"@type\":\"BreadcrumbList\",\"@id\":\"https:\\\/\\\/www.pfmiel.fr\\\/miel\\\/boutique\\\/miel-fleurs-ete\\\/#breadcrumb\",\"itemListElement\":[{\"@type\":\"ListItem\",\"position\":1,\"name\":\"Home\",\"item\":\"https:\\\/\\\/www.pfmiel.fr\\\/miel\\\/\"},{\"@type\":\"ListItem\",\"position\":2,\"name\":\"Boutique\",\"item\":\"https:\\\/\\\/www.pfmiel.fr\\\/miel\\\/boutique\\\/\"},{\"@type\":\"ListItem\",\"position\":3,\"name\":\"Miel de fleurs d&#8217;\u00e9t\u00e9\"}]},{\"@type\":\"WebSite\",\"@id\":\"https:\\\/\\\/www.pfmiel.fr\\\/miel\\\/#website\",\"url\":\"https:\\\/\\\/www.pfmiel.fr\\\/miel\\\/\",\"name\":\"Pierre-Fran\u00e7ois Prot - Apiculteur - V\u00e9retz\",\"description\":\"Apiculteur et R\u00e9coltant en Indre et Loire\",\"publisher\":{\"@id\":\"https:\\\/\\\/www.pfmiel.fr\\\/miel\\\/#\\\/schema\\\/person\\\/e9395774cd584b94ab92efbd6c37acf5\"},\"potentialAction\":[{\"@type\":\"SearchAction\",\"target\":{\"@type\":\"EntryPoint\",\"urlTemplate\":\"https:\\\/\\\/www.pfmiel.fr\\\/miel\\\/?s={search_term_string}\"},\"query-input\":{\"@type\":\"PropertyValueSpecification\",\"valueRequired\":true,\"valueName\":\"search_term_string\"}}],\"inLanguage\":\"fr-FR\"},{\"@type\":[\"Person\",\"Organization\"],\"@id\":\"https:\\\/\\\/www.pfmiel.fr\\\/miel\\\/#\\\/schema\\\/person\\\/e9395774cd584b94ab92efbd6c37acf5\",\"name\":\"Pierre-Fran\u00e7ois\",\"image\":{\"@type\":\"ImageObject\",\"inLanguage\":\"fr-FR\",\"@id\":\"https:\\\/\\\/i0.wp.com\\\/www.pfmiel.fr\\\/miel\\\/wp-content\\\/uploads\\\/2021\\\/10\\\/cropped-Capture-decran-du-2021-10-28-15-45-12.png?fit=220%2C250&ssl=1\",\"url\":\"https:\\\/\\\/i0.wp.com\\\/www.pfmiel.fr\\\/miel\\\/wp-content\\\/uploads\\\/2021\\\/10\\\/cropped-Capture-decran-du-2021-10-28-15-45-12.png?fit=220%2C250&ssl=1\",\"contentUrl\":\"https:\\\/\\\/i0.wp.com\\\/www.pfmiel.fr\\\/miel\\\/wp-content\\\/uploads\\\/2021\\\/10\\\/cropped-Capture-decran-du-2021-10-28-15-45-12.png?fit=220%2C250&ssl=1\",\"width\":220,\"height\":250,\"caption\":\"Pierre-Fran\u00e7ois\"},\"logo\":{\"@id\":\"https:\\\/\\\/i0.wp.com\\\/www.pfmiel.fr\\\/miel\\\/wp-content\\\/uploads\\\/2021\\\/10\\\/cropped-Capture-decran-du-2021-10-28-15-45-12.png?fit=220%2C250&ssl=1\"},\"sameAs\":[\"http:\\\/\\\/www.pfmiel.fr\"]}]}<\/script>\n<!-- \/ Yoast SEO plugin. -->","yoast_head_json":{"title":"Miel de fleurs d'\u00e9t\u00e9 - Pierre-Fran\u00e7ois Prot","description":"Miel de fleurs d'\u00e9t\u00e9. R\u00e9colt\u00e9 et mis en pots par Pierre-Fran\u00e7ois Prot, apiculteur \u00e0 V\u00e9retz en Indre et Loire","robots":{"index":"index","follow":"follow","max-snippet":"max-snippet:-1","max-image-preview":"max-image-preview:large","max-video-preview":"max-video-preview:-1"},"canonical":"https:\/\/www.pfmiel.fr\/miel\/boutique\/miel-fleurs-ete\/","og_locale":"fr_FR","og_type":"article","og_title":"Miel de fleurs d'\u00e9t\u00e9 - Pierre-Fran\u00e7ois Prot","og_description":"Miel de fleurs d'\u00e9t\u00e9. R\u00e9colt\u00e9 et mis en pots par Pierre-Fran\u00e7ois Prot, apiculteur \u00e0 V\u00e9retz en Indre et Loire","og_url":"https:\/\/www.pfmiel.fr\/miel\/boutique\/miel-fleurs-ete\/","og_site_name":"Pierre-Fran\u00e7ois Prot - Apiculteur - V\u00e9retz","article_modified_time":"2024-09-04T19:44:38+00:00","og_image":[{"width":2560,"height":1922,"url":"https:\/\/www.pfmiel.fr\/miel\/wp-content\/uploads\/2024\/08\/IMG_20240817_125446-scaled.jpg","type":"image\/jpeg"}],"twitter_card":"summary_large_image","twitter_misc":{"Dur\u00e9e de lecture estim\u00e9e":"1 minute"},"schema":{"@context":"https:\/\/schema.org","@graph":[{"@type":"WebPage","@id":"https:\/\/www.pfmiel.fr\/miel\/boutique\/miel-fleurs-ete\/","url":"https:\/\/www.pfmiel.fr\/miel\/boutique\/miel-fleurs-ete\/","name":"Miel de fleurs d'\u00e9t\u00e9 - Pierre-Fran\u00e7ois Prot","isPartOf":{"@id":"https:\/\/www.pfmiel.fr\/miel\/#website"},"primaryImageOfPage":{"@id":"https:\/\/www.pfmiel.fr\/miel\/boutique\/miel-fleurs-ete\/#primaryimage"},"image":{"@id":"https:\/\/www.pfmiel.fr\/miel\/boutique\/miel-fleurs-ete\/#primaryimage"},"thumbnailUrl":"https:\/\/i0.wp.com\/www.pfmiel.fr\/miel\/wp-content\/uploads\/2024\/08\/IMG_20240817_125446-scaled.jpg?fit=2560%2C1922&ssl=1","datePublished":"2021-10-29T15:10:55+00:00","dateModified":"2024-09-04T19:44:38+00:00","description":"Miel de fleurs d'\u00e9t\u00e9. R\u00e9colt\u00e9 et mis en pots par Pierre-Fran\u00e7ois Prot, apiculteur \u00e0 V\u00e9retz en Indre et Loire","breadcrumb":{"@id":"https:\/\/www.pfmiel.fr\/miel\/boutique\/miel-fleurs-ete\/#breadcrumb"},"inLanguage":"fr-FR","potentialAction":[{"@type":"ReadAction","target":["https:\/\/www.pfmiel.fr\/miel\/boutique\/miel-fleurs-ete\/"]}]},{"@type":"ImageObject","inLanguage":"fr-FR","@id":"https:\/\/www.pfmiel.fr\/miel\/boutique\/miel-fleurs-ete\/#primaryimage","url":"https:\/\/i0.wp.com\/www.pfmiel.fr\/miel\/wp-content\/uploads\/2024\/08\/IMG_20240817_125446-scaled.jpg?fit=2560%2C1922&ssl=1","contentUrl":"https:\/\/i0.wp.com\/www.pfmiel.fr\/miel\/wp-content\/uploads\/2024\/08\/IMG_20240817_125446-scaled.jpg?fit=2560%2C1922&ssl=1","width":2560,"height":1922,"caption":"miel fleurs \u00e9t\u00e9"},{"@type":"BreadcrumbList","@id":"https:\/\/www.pfmiel.fr\/miel\/boutique\/miel-fleurs-ete\/#breadcrumb","itemListElement":[{"@type":"ListItem","position":1,"name":"Home","item":"https:\/\/www.pfmiel.fr\/miel\/"},{"@type":"ListItem","position":2,"name":"Boutique","item":"https:\/\/www.pfmiel.fr\/miel\/boutique\/"},{"@type":"ListItem","position":3,"name":"Miel de fleurs d&#8217;\u00e9t\u00e9"}]},{"@type":"WebSite","@id":"https:\/\/www.pfmiel.fr\/miel\/#website","url":"https:\/\/www.pfmiel.fr\/miel\/","name":"Pierre-Fran\u00e7ois Prot - Apiculteur - V\u00e9retz","description":"Apiculteur et R\u00e9coltant en Indre et Loire","publisher":{"@id":"https:\/\/www.pfmiel.fr\/miel\/#\/schema\/person\/e9395774cd584b94ab92efbd6c37acf5"},"potentialAction":[{"@type":"SearchAction","target":{"@type":"EntryPoint","urlTemplate":"https:\/\/www.pfmiel.fr\/miel\/?s={search_term_string}"},"query-input":{"@type":"PropertyValueSpecification","valueRequired":true,"valueName":"search_term_string"}}],"inLanguage":"fr-FR"},{"@type":["Person","Organization"],"@id":"https:\/\/www.pfmiel.fr\/miel\/#\/schema\/person\/e9395774cd584b94ab92efbd6c37acf5","name":"Pierre-Fran\u00e7ois","image":{"@type":"ImageObject","inLanguage":"fr-FR","@id":"https:\/\/i0.wp.com\/www.pfmiel.fr\/miel\/wp-content\/uploads\/2021\/10\/cropped-Capture-decran-du-2021-10-28-15-45-12.png?fit=220%2C250&ssl=1","url":"https:\/\/i0.wp.com\/www.pfmiel.fr\/miel\/wp-content\/uploads\/2021\/10\/cropped-Capture-decran-du-2021-10-28-15-45-12.png?fit=220%2C250&ssl=1","contentUrl":"https:\/\/i0.wp.com\/www.pfmiel.fr\/miel\/wp-content\/uploads\/2021\/10\/cropped-Capture-decran-du-2021-10-28-15-45-12.png?fit=220%2C250&ssl=1","width":220,"height":250,"caption":"Pierre-Fran\u00e7ois"},"logo":{"@id":"https:\/\/i0.wp.com\/www.pfmiel.fr\/miel\/wp-content\/uploads\/2021\/10\/cropped-Capture-decran-du-2021-10-28-15-45-12.png?fit=220%2C250&ssl=1"},"sameAs":["http:\/\/www.pfmiel.fr"]}]}},"jetpack_sharing_enabled":true,"_links":{"self":[{"href":"https:\/\/www.pfmiel.fr\/miel\/wp-json\/wp\/v2\/product\/85","targetHints":{"allow":["GET"]}}],"collection":[{"href":"https:\/\/www.pfmiel.fr\/miel\/wp-json\/wp\/v2\/product"}],"about":[{"href":"https:\/\/www.pfmiel.fr\/miel\/wp-json\/wp\/v2\/types\/product"}],"replies":[{"embeddable":true,"href":"https:\/\/www.pfmiel.fr\/miel\/wp-json\/wp\/v2\/comments?post=85"}],"wp:featuredmedia":[{"embeddable":true,"href":"https:\/\/www.pfmiel.fr\/miel\/wp-json\/wp\/v2\/media\/1157"}],"wp:attachment":[{"href":"https:\/\/www.pfmiel.fr\/miel\/wp-json\/wp\/v2\/media?parent=85"}],"wp:term":[{"taxonomy":"product_brand","embeddable":true,"href":"https:\/\/www.pfmiel.fr\/miel\/wp-json\/wp\/v2\/product_brand?post=85"},{"taxonomy":"product_cat","embeddable":true,"href":"https:\/\/www.pfmiel.fr\/miel\/wp-json\/wp\/v2\/product_cat?post=85"},{"taxonomy":"product_tag","embeddable":true,"href":"https:\/\/www.pfmiel.fr\/miel\/wp-json\/wp\/v2\/product_tag?post=85"}],"curies":[{"name":"wp","href":"https:\/\/api.w.org\/{rel}","templated":true}]}}